{"id":230,"date":"2020-01-13T11:17:52","date_gmt":"2020-01-13T11:17:52","guid":{"rendered":"https:\/\/demosites.io\/web-agency-gb\/?page_id=5"},"modified":"2026-01-07T13:54:17","modified_gmt":"2026-01-07T13:54:17","slug":"15c42-web-agency-gb-home","status":"publish","type":"page","link":"https:\/\/kfz-noestler.at\/","title":{"rendered":"Home"},"content":{"rendered":"\t\t<div data-elementor-type=\"wp-page\" data-elementor-id=\"230\" class=\"elementor elementor-230\">\n\t\t\t\t\t\t<section class=\"elementor-section elementor-top-section elementor-element elementor-element-8128920 elementor-section-full_width elementor-section-height-default elementor-section-height-default\" data-id=\"8128920\" data-element_type=\"section\">\n\t\t\t\t\t\t<div class=\"elementor-container elementor-column-gap-default\">\n\t\t\t\t\t<div class=\"elementor-column elementor-col-100 elementor-top-column elementor-element elementor-element-18ea7e82\" data-id=\"18ea7e82\" data-element_type=\"column\">\n\t\t\t<div class=\"elementor-widget-wrap elementor-element-populated\">\n\t\t\t\t\t\t<div class=\"elementor-element elementor-element-d4fa799 elementor-widget elementor-widget-image\" data-id=\"d4fa799\" data-element_type=\"widget\" data-widget_type=\"image.default\">\n\t\t\t\t<div class=\"elementor-widget-container\">\n\t\t\t\t\t\t\t\t\t\t\t\t\t<img decoding=\"async\" src=\"https:\/\/kfz-noestler.at\/wp-content\/uploads\/elementor\/thumbs\/WhatsApp-Image-2024-02-08-at-08.45.07-qnnrnc1wd475d3shtn17sfta77zvvkj2u1ari34yo8.jpeg\" title=\"fz_Noestler\" alt=\"fz_Noestler\" loading=\"lazy\" \/>\t\t\t\t\t\t\t\t\t\t\t\t\t<\/div>\n\t\t\t\t<\/div>\n\t\t\t\t\t<\/div>\n\t\t<\/div>\n\t\t\t\t\t<\/div>\n\t\t<\/section>\n\t\t\t\t<section class=\"elementor-section elementor-top-section elementor-element elementor-element-88bb7fd elementor-section-boxed elementor-section-height-default elementor-section-height-default\" data-id=\"88bb7fd\" data-element_type=\"section\">\n\t\t\t\t\t\t<div class=\"elementor-container elementor-column-gap-default\">\n\t\t\t\t\t<div class=\"elementor-column elementor-col-100 elementor-top-column elementor-element elementor-element-79e10f8\" data-id=\"79e10f8\" data-element_type=\"column\">\n\t\t\t<div class=\"elementor-widget-wrap elementor-element-populated\">\n\t\t\t\t\t\t<div class=\"elementor-element elementor-element-955e743 elementor-widget elementor-widget-heading\" data-id=\"955e743\" data-element_type=\"widget\" data-widget_type=\"heading.default\">\n\t\t\t\t<div class=\"elementor-widget-container\">\n\t\t\t<h2 class=\"elementor-heading-title elementor-size-default\">Willkommen bei KFZ N\u00f6stler!<\/h2>\t\t<\/div>\n\t\t\t\t<\/div>\n\t\t\t\t\t<\/div>\n\t\t<\/div>\n\t\t\t\t\t<\/div>\n\t\t<\/section>\n\t\t\t\t<section class=\"elementor-section elementor-top-section elementor-element elementor-element-488ba41 elementor-section-boxed elementor-section-height-default elementor-section-height-default\" data-id=\"488ba41\" data-element_type=\"section\">\n\t\t\t\t\t\t<div class=\"elementor-container elementor-column-gap-default\">\n\t\t\t\t\t<div class=\"elementor-column elementor-col-50 elementor-top-column elementor-element elementor-element-292d10a\" data-id=\"292d10a\" data-element_type=\"column\">\n\t\t\t<div class=\"elementor-widget-wrap elementor-element-populated\">\n\t\t\t\t\t\t<div class=\"elementor-element elementor-element-1f161d2 elementor-widget elementor-widget-text-editor\" data-id=\"1f161d2\" data-element_type=\"widget\" data-widget_type=\"text-editor.default\">\n\t\t\t\t<div class=\"elementor-widget-container\">\n\t\t\t\t\t\t\t<p>Willkommen bei KFZ N\u00f6stler &#8211; Ihre zuverl\u00e4ssige Adresse f\u00fcr KFZ-Services!<\/p><p>Wir bieten Reparaturen und Service f\u00fcr alle Marken bis 3,5 Tonnen an. Unser Angebot umfasst Unfallinstandsetzung mit Versicherungsabwicklung, Hagelschaden\/Dellenreparatur, Windschutzscheiben Reparatur und Austausch, Pickerl\u00fcberpr\u00fcfung, Klimaservice und Reifenservice sowie die Fahrzeugaufbereitung.<\/p><p>Auf der Suche nach einem Gebrauchtwagen? Auch hier sind wir f\u00fcr Sie da!<\/p><p>Vereinbaren Sie noch heute einen Termin und \u00fcberzeugen Sie sich von unserem erstklassigen Service!<\/p>\t\t\t\t\t\t<\/div>\n\t\t\t\t<\/div>\n\t\t\t\t\t<\/div>\n\t\t<\/div>\n\t\t\t\t<div class=\"elementor-column elementor-col-50 elementor-top-column elementor-element elementor-element-f7ecdc2\" data-id=\"f7ecdc2\" data-element_type=\"column\">\n\t\t\t<div class=\"elementor-widget-wrap elementor-element-populated\">\n\t\t\t\t\t\t<div class=\"elementor-element elementor-element-de1935e elementor-arrows-position-inside elementor-pagination-position-outside elementor-widget elementor-widget-image-carousel\" data-id=\"de1935e\" data-element_type=\"widget\" data-settings=\"{&quot;slides_to_show&quot;:&quot;1&quot;,&quot;navigation&quot;:&quot;both&quot;,&quot;autoplay&quot;:&quot;yes&quot;,&quot;pause_on_hover&quot;:&quot;yes&quot;,&quot;pause_on_interaction&quot;:&quot;yes&quot;,&quot;autoplay_speed&quot;:5000,&quot;infinite&quot;:&quot;yes&quot;,&quot;effect&quot;:&quot;slide&quot;,&quot;speed&quot;:500}\" data-widget_type=\"image-carousel.default\">\n\t\t\t\t<div class=\"elementor-widget-container\">\n\t\t\t\t\t<div class=\"elementor-image-carousel-wrapper swiper\" dir=\"ltr\">\n\t\t\t<div class=\"elementor-image-carousel swiper-wrapper\" aria-live=\"off\">\n\t\t\t\t\t\t\t\t<div class=\"swiper-slide\" role=\"group\" aria-roledescription=\"slide\" aria-label=\"1 von 3\"><figure class=\"swiper-slide-inner\"><img decoding=\"async\" class=\"swiper-slide-image\" src=\"https:\/\/kfz-noestler.at\/wp-content\/uploads\/elementor\/thumbs\/WhatsApp-Image-2024-02-08-at-08.45.07-5-e1714940848657-qnqa7dqcqq08dkdd2c9qx4qux68f53j7ehdqtkecfk.jpeg\" alt=\"Werkstatt_1\" \/><\/figure><\/div><div class=\"swiper-slide\" role=\"group\" aria-roledescription=\"slide\" aria-label=\"2 von 3\"><figure class=\"swiper-slide-inner\"><img decoding=\"async\" class=\"swiper-slide-image\" src=\"https:\/\/kfz-noestler.at\/wp-content\/uploads\/elementor\/thumbs\/WhatsApp-Image-2024-02-08-at-08.45.07-2-qnnrn4ivvqymw42oo2s9iugfyjmaz2jl5pqokueu7k.jpeg\" alt=\"WhatsApp Image 2024-02-08 at 08.45.07 (2)\" \/><\/figure><\/div><div class=\"swiper-slide\" role=\"group\" aria-roledescription=\"slide\" aria-label=\"3 von 3\"><figure class=\"swiper-slide-inner\"><img decoding=\"async\" class=\"swiper-slide-image\" src=\"https:\/\/kfz-noestler.at\/wp-content\/uploads\/elementor\/thumbs\/WhatsApp-Image-2024-02-08-at-08.45.07-4-qnnrn7ceg92huxyl7m058bqtqp8em5us63p50oanow.jpeg\" alt=\"WhatsApp Image 2024-02-08 at 08.45.07 (4)\" \/><\/figure><\/div>\t\t\t<\/div>\n\t\t\t\t\t\t\t\t\t\t\t\t<div class=\"elementor-swiper-button elementor-swiper-button-prev\" role=\"button\" tabindex=\"0\">\n\t\t\t\t\t\t<i aria-hidden=\"true\" class=\"eicon-chevron-left\"><\/i>\t\t\t\t\t<\/div>\n\t\t\t\t\t<div class=\"elementor-swiper-button elementor-swiper-button-next\" role=\"button\" tabindex=\"0\">\n\t\t\t\t\t\t<i aria-hidden=\"true\" class=\"eicon-chevron-right\"><\/i>\t\t\t\t\t<\/div>\n\t\t\t\t\n\t\t\t\t\t\t\t\t\t<div class=\"swiper-pagination\"><\/div>\n\t\t\t\t\t\t\t\t\t<\/div>\n\t\t\t\t<\/div>\n\t\t\t\t<\/div>\n\t\t\t\t\t<\/div>\n\t\t<\/div>\n\t\t\t\t\t<\/div>\n\t\t<\/section>\n\t\t\t\t<section class=\"elementor-section elementor-top-section elementor-element elementor-element-49e275c elementor-section-boxed elementor-section-height-default elementor-section-height-default\" data-id=\"49e275c\" data-element_type=\"section\">\n\t\t\t\t\t\t<div class=\"elementor-container elementor-column-gap-default\">\n\t\t\t\t\t<div class=\"elementor-column elementor-col-100 elementor-top-column elementor-element elementor-element-5a4bd93\" data-id=\"5a4bd93\" data-element_type=\"column\">\n\t\t\t<div class=\"elementor-widget-wrap elementor-element-populated\">\n\t\t\t\t\t\t<div class=\"elementor-element elementor-element-a8862ab elementor-widget elementor-widget-spacer\" data-id=\"a8862ab\" data-element_type=\"widget\" data-widget_type=\"spacer.default\">\n\t\t\t\t<div class=\"elementor-widget-container\">\n\t\t\t\t\t<div class=\"elementor-spacer\">\n\t\t\t<div class=\"elementor-spacer-inner\"><\/div>\n\t\t<\/div>\n\t\t\t\t<\/div>\n\t\t\t\t<\/div>\n\t\t\t\t\t<\/div>\n\t\t<\/div>\n\t\t\t\t\t<\/div>\n\t\t<\/section>\n\t\t\t\t<section class=\"elementor-section elementor-top-section elementor-element elementor-element-9afab2e elementor-section-boxed elementor-section-height-default elementor-section-height-default\" data-id=\"9afab2e\" data-element_type=\"section\">\n\t\t\t\t\t\t<div class=\"elementor-container elementor-column-gap-default\">\n\t\t\t\t\t<div class=\"elementor-column elementor-col-100 elementor-top-column elementor-element elementor-element-7bc0ddc\" data-id=\"7bc0ddc\" data-element_type=\"column\">\n\t\t\t<div class=\"elementor-widget-wrap elementor-element-populated\">\n\t\t\t\t\t\t<div class=\"elementor-element elementor-element-a201e9d elementor-widget elementor-widget-heading\" data-id=\"a201e9d\" data-element_type=\"widget\" data-widget_type=\"heading.default\">\n\t\t\t\t<div class=\"elementor-widget-container\">\n\t\t\t<h3 class=\"elementor-heading-title elementor-size-default\">Umbauten f\u00fcr Gel\u00e4ndew\u00e4gen &amp; Camper<\/h3>\t\t<\/div>\n\t\t\t\t<\/div>\n\t\t\t\t\t<\/div>\n\t\t<\/div>\n\t\t\t\t\t<\/div>\n\t\t<\/section>\n\t\t\t\t<section class=\"elementor-section elementor-top-section elementor-element elementor-element-8ffb8cb elementor-section-boxed elementor-section-height-default elementor-section-height-default\" data-id=\"8ffb8cb\" data-element_type=\"section\">\n\t\t\t\t\t\t<div class=\"elementor-container elementor-column-gap-default\">\n\t\t\t\t\t<div class=\"elementor-column elementor-col-50 elementor-top-column elementor-element elementor-element-8104315\" data-id=\"8104315\" data-element_type=\"column\">\n\t\t\t<div class=\"elementor-widget-wrap elementor-element-populated\">\n\t\t\t\t\t\t<div class=\"elementor-element elementor-element-4dc6626 elementor-widget elementor-widget-image\" data-id=\"4dc6626\" data-element_type=\"widget\" data-widget_type=\"image.default\">\n\t\t\t\t<div class=\"elementor-widget-container\">\n\t\t\t\t\t\t\t\t\t\t\t\t\t<img fetchpriority=\"high\" decoding=\"async\" width=\"1024\" height=\"683\" src=\"https:\/\/kfz-noestler.at\/wp-content\/uploads\/2024\/05\/WhatsApp-Image-2024-05-04-at-19.19.45-1024x683.jpeg\" class=\"attachment-large size-large wp-image-368\" alt=\"\" srcset=\"https:\/\/kfz-noestler.at\/wp-content\/uploads\/2024\/05\/WhatsApp-Image-2024-05-04-at-19.19.45-1024x683.jpeg 1024w, https:\/\/kfz-noestler.at\/wp-content\/uploads\/2024\/05\/WhatsApp-Image-2024-05-04-at-19.19.45-300x200.jpeg 300w, https:\/\/kfz-noestler.at\/wp-content\/uploads\/2024\/05\/WhatsApp-Image-2024-05-04-at-19.19.45-768x512.jpeg 768w, https:\/\/kfz-noestler.at\/wp-content\/uploads\/2024\/05\/WhatsApp-Image-2024-05-04-at-19.19.45-1536x1025.jpeg 1536w, https:\/\/kfz-noestler.at\/wp-content\/uploads\/2024\/05\/WhatsApp-Image-2024-05-04-at-19.19.45-930x620.jpeg 930w, https:\/\/kfz-noestler.at\/wp-content\/uploads\/2024\/05\/WhatsApp-Image-2024-05-04-at-19.19.45.jpeg 2048w\" sizes=\"(max-width: 1024px) 100vw, 1024px\" \/>\t\t\t\t\t\t\t\t\t\t\t\t\t<\/div>\n\t\t\t\t<\/div>\n\t\t\t\t\t<\/div>\n\t\t<\/div>\n\t\t\t\t<div class=\"elementor-column elementor-col-50 elementor-top-column elementor-element elementor-element-49feb3c\" data-id=\"49feb3c\" data-element_type=\"column\">\n\t\t\t<div class=\"elementor-widget-wrap elementor-element-populated\">\n\t\t\t\t\t\t<div class=\"elementor-element elementor-element-a86a3be elementor-widget elementor-widget-text-editor\" data-id=\"a86a3be\" data-element_type=\"widget\" data-widget_type=\"text-editor.default\">\n\t\t\t\t<div class=\"elementor-widget-container\">\n\t\t\t\t\t\t\t<p>In unserer Werkstatt verstehen wir, dass Ihr Fahrzeug mehr als nur ein Transportmittel ist. Es ist ein treuer Begleiter auf Abenteuern und Reisen, ein Ort der Erholung und Freiheit. Deshalb bieten wir nicht nur erstklassigen Service f\u00fcr alle Fahrzeugtypen, sondern auch ma\u00dfgeschneiderte Umbauten, um Ihren Gel\u00e4ndewagen oder Ihr Wohnmobil an Ihre individuellen Bed\u00fcrfnisse anzupassen.<\/p><p>Von der Installation von Solaranlagen bis hin zu ma\u00dfgeschneiderten Innenausbauten bieten wir ein breites Spektrum an Umbaul\u00f6sungen. Dabei legen wir gro\u00dfen Wert auf Qualit\u00e4t, Zuverl\u00e4ssigkeit und Ihre Zufriedenheit.<\/p><p>\u00a0<\/p>\t\t\t\t\t\t<\/div>\n\t\t\t\t<\/div>\n\t\t\t\t\t<\/div>\n\t\t<\/div>\n\t\t\t\t\t<\/div>\n\t\t<\/section>\n\t\t\t\t<section class=\"elementor-section elementor-top-section elementor-element elementor-element-99c3034 elementor-section-boxed elementor-section-height-default elementor-section-height-default\" data-id=\"99c3034\" data-element_type=\"section\">\n\t\t\t\t\t\t<div class=\"elementor-container elementor-column-gap-default\">\n\t\t\t\t\t<div class=\"elementor-column elementor-col-100 elementor-top-column elementor-element elementor-element-f1b799a\" data-id=\"f1b799a\" data-element_type=\"column\">\n\t\t\t<div class=\"elementor-widget-wrap elementor-element-populated\">\n\t\t\t\t\t\t<div class=\"elementor-element elementor-element-f811b01 elementor-widget elementor-widget-spacer\" data-id=\"f811b01\" data-element_type=\"widget\" data-widget_type=\"spacer.default\">\n\t\t\t\t<div class=\"elementor-widget-container\">\n\t\t\t\t\t<div class=\"elementor-spacer\">\n\t\t\t<div class=\"elementor-spacer-inner\"><\/div>\n\t\t<\/div>\n\t\t\t\t<\/div>\n\t\t\t\t<\/div>\n\t\t\t\t\t<\/div>\n\t\t<\/div>\n\t\t\t\t\t<\/div>\n\t\t<\/section>\n\t\t\t\t<section class=\"elementor-section elementor-top-section elementor-element elementor-element-2134e06 elementor-section-boxed elementor-section-height-default elementor-section-height-default\" data-id=\"2134e06\" data-element_type=\"section\">\n\t\t\t\t\t\t<div class=\"elementor-container elementor-column-gap-default\">\n\t\t\t\t\t<div class=\"elementor-column elementor-col-100 elementor-top-column elementor-element elementor-element-3d73611\" data-id=\"3d73611\" data-element_type=\"column\">\n\t\t\t<div class=\"elementor-widget-wrap elementor-element-populated\">\n\t\t\t\t\t\t<div class=\"elementor-element elementor-element-9eaf7b4 elementor-widget elementor-widget-heading\" data-id=\"9eaf7b4\" data-element_type=\"widget\" data-widget_type=\"heading.default\">\n\t\t\t\t<div class=\"elementor-widget-container\">\n\t\t\t<h3 class=\"elementor-heading-title elementor-size-default\">Sie brauchen Stauraum?<\/h3>\t\t<\/div>\n\t\t\t\t<\/div>\n\t\t\t\t\t<\/div>\n\t\t<\/div>\n\t\t\t\t\t<\/div>\n\t\t<\/section>\n\t\t\t\t<section class=\"elementor-section elementor-top-section elementor-element elementor-element-f400b72 elementor-section-boxed elementor-section-height-default elementor-section-height-default\" data-id=\"f400b72\" data-element_type=\"section\">\n\t\t\t\t\t\t<div class=\"elementor-container elementor-column-gap-default\">\n\t\t\t\t\t<div class=\"elementor-column elementor-col-50 elementor-top-column elementor-element elementor-element-2e2d744\" data-id=\"2e2d744\" data-element_type=\"column\">\n\t\t\t<div class=\"elementor-widget-wrap elementor-element-populated\">\n\t\t\t\t\t\t<div class=\"elementor-element elementor-element-8e74656 elementor-widget elementor-widget-text-editor\" data-id=\"8e74656\" data-element_type=\"widget\" data-widget_type=\"text-editor.default\">\n\t\t\t\t<div class=\"elementor-widget-container\">\n\t\t\t\t\t\t\t<p>Brauchen Sie zus\u00e4tzlichen Stauraum? Wir haben die L\u00f6sung! Bei uns k\u00f6nnen Sie Lagercontainer mieten, die Ihren Bedarf perfekt abdecken. Unsere Lagercontainer bieten sicheren und trockenen Stauraum f\u00fcr Ihre pers\u00f6nlichen oder gesch\u00e4ftlichen Gegenst\u00e4nde. Mit Preisen ab nur 80\u20ac pro Monat sind sie eine kosteng\u00fcnstige und flexible L\u00f6sung f\u00fcr Ihre Lagerbed\u00fcrfnisse. Kontaktieren Sie uns noch heute, um mehr \u00fcber unsere Lagercontainer-Vermietung zu erfahren und Ihren Stauraum zu sichern!<\/p>\t\t\t\t\t\t<\/div>\n\t\t\t\t<\/div>\n\t\t\t\t\t<\/div>\n\t\t<\/div>\n\t\t\t\t<div class=\"elementor-column elementor-col-50 elementor-top-column elementor-element elementor-element-d1f818d\" data-id=\"d1f818d\" data-element_type=\"column\">\n\t\t\t<div class=\"elementor-widget-wrap elementor-element-populated\">\n\t\t\t\t\t\t<div class=\"elementor-element elementor-element-03968e2 elementor-arrows-position-inside elementor-pagination-position-outside elementor-widget elementor-widget-image-carousel\" data-id=\"03968e2\" data-element_type=\"widget\" data-settings=\"{&quot;slides_to_show&quot;:&quot;1&quot;,&quot;navigation&quot;:&quot;both&quot;,&quot;autoplay&quot;:&quot;yes&quot;,&quot;pause_on_hover&quot;:&quot;yes&quot;,&quot;pause_on_interaction&quot;:&quot;yes&quot;,&quot;autoplay_speed&quot;:5000,&quot;infinite&quot;:&quot;yes&quot;,&quot;effect&quot;:&quot;slide&quot;,&quot;speed&quot;:500}\" data-widget_type=\"image-carousel.default\">\n\t\t\t\t<div class=\"elementor-widget-container\">\n\t\t\t\t\t<div class=\"elementor-image-carousel-wrapper swiper\" dir=\"ltr\">\n\t\t\t<div class=\"elementor-image-carousel swiper-wrapper\" aria-live=\"off\">\n\t\t\t\t\t\t\t\t<div class=\"swiper-slide\" role=\"group\" aria-roledescription=\"slide\" aria-label=\"1 von 2\"><figure class=\"swiper-slide-inner\"><img decoding=\"async\" class=\"swiper-slide-image\" src=\"https:\/\/kfz-noestler.at\/wp-content\/uploads\/2024\/05\/WhatsApp-Image-2024-05-04-at-19.18.41-1-768x576.jpeg\" alt=\"WhatsApp Image 2024-05-04 at 19.18.41 (1)\" \/><\/figure><\/div><div class=\"swiper-slide\" role=\"group\" aria-roledescription=\"slide\" aria-label=\"2 von 2\"><figure class=\"swiper-slide-inner\"><img decoding=\"async\" class=\"swiper-slide-image\" src=\"https:\/\/kfz-noestler.at\/wp-content\/uploads\/2024\/05\/WhatsApp-Image-2024-05-04-at-19.18.41-768x576.jpeg\" alt=\"WhatsApp Image 2024-05-04 at 19.18.41\" \/><\/figure><\/div>\t\t\t<\/div>\n\t\t\t\t\t\t\t\t\t\t\t\t<div class=\"elementor-swiper-button elementor-swiper-button-prev\" role=\"button\" tabindex=\"0\">\n\t\t\t\t\t\t<i aria-hidden=\"true\" class=\"eicon-chevron-left\"><\/i>\t\t\t\t\t<\/div>\n\t\t\t\t\t<div class=\"elementor-swiper-button elementor-swiper-button-next\" role=\"button\" tabindex=\"0\">\n\t\t\t\t\t\t<i aria-hidden=\"true\" class=\"eicon-chevron-right\"><\/i>\t\t\t\t\t<\/div>\n\t\t\t\t\n\t\t\t\t\t\t\t\t\t<div class=\"swiper-pagination\"><\/div>\n\t\t\t\t\t\t\t\t\t<\/div>\n\t\t\t\t<\/div>\n\t\t\t\t<\/div>\n\t\t\t\t\t<\/div>\n\t\t<\/div>\n\t\t\t\t\t<\/div>\n\t\t<\/section>\n\t\t\t\t<\/div>\n\t\t","protected":false},"excerpt":{"rendered":"<p>Willkommen bei KFZ N\u00f6stler! Willkommen bei KFZ N\u00f6stler &#8211; Ihre zuverl\u00e4ssige Adresse f\u00fcr KFZ-Services! Wir bieten Reparaturen und Service f\u00fcr alle Marken bis 3,5 Tonnen an. Unser Angebot umfasst Unfallinstandsetzung mit Versicherungsabwicklung, Hagelschaden\/Dellenreparatur, Windschutzscheiben Reparatur und Austausch, Pickerl\u00fcberpr\u00fcfung, Klimaservice und Reifenservice sowie die Fahrzeugaufbereitung. Auf der Suche nach einem Gebrauchtwagen? Auch hier sind wir f\u00fcr&hellip;&nbsp;<a href=\"https:\/\/kfz-noestler.at\/\" rel=\"bookmark\">Weiterlesen &raquo;<span class=\"screen-reader-text\">Home<\/span><\/a><\/p>\n","protected":false},"author":1,"featured_media":0,"parent":0,"menu_order":1,"comment_status":"closed","ping_status":"closed","template":"page-templates\/template-pagebuilder-full-width.php","meta":{"neve_meta_sidebar":"","neve_meta_container":"","neve_meta_enable_content_width":"on","neve_meta_content_width":100,"neve_meta_title_alignment":"","neve_meta_author_avatar":"","neve_post_elements_order":"","neve_meta_disable_header":"","neve_meta_disable_footer":"","neve_meta_disable_title":"on","footnotes":""},"class_list":["post-230","page","type-page","status-publish","hentry"],"_links":{"self":[{"href":"https:\/\/kfz-noestler.at\/index.php?rest_route=\/wp\/v2\/pages\/230"}],"collection":[{"href":"https:\/\/kfz-noestler.at\/index.php?rest_route=\/wp\/v2\/pages"}],"about":[{"href":"https:\/\/kfz-noestler.at\/index.php?rest_route=\/wp\/v2\/types\/page"}],"author":[{"embeddable":true,"href":"https:\/\/kfz-noestler.at\/index.php?rest_route=\/wp\/v2\/users\/1"}],"replies":[{"embeddable":true,"href":"https:\/\/kfz-noestler.at\/index.php?rest_route=%2Fwp%2Fv2%2Fcomments&post=230"}],"version-history":[{"count":89,"href":"https:\/\/kfz-noestler.at\/index.php?rest_route=\/wp\/v2\/pages\/230\/revisions"}],"predecessor-version":[{"id":470,"href":"https:\/\/kfz-noestler.at\/index.php?rest_route=\/wp\/v2\/pages\/230\/revisions\/470"}],"wp:attachment":[{"href":"https:\/\/kfz-noestler.at\/index.php?rest_route=%2Fwp%2Fv2%2Fmedia&parent=230"}],"curies":[{"name":"wp","href":"https:\/\/api.w.org\/{rel}","templated":true}]}}